{"id":476,"date":"2025-04-30T13:09:00","date_gmt":"2025-04-30T13:09:00","guid":{"rendered":"https:\/\/infotechdemos.co.in\/garaquip\/shop\/plaque-de-support-telescopique-complete\/"},"modified":"2025-07-09T09:21:23","modified_gmt":"2025-07-09T09:21:23","slug":"plaque-de-support-telescopique-complete","status":"publish","type":"product","link":"https:\/\/garaquip.com\/fr\/shop\/plaque-de-support-telescopique-complete\/","title":{"rendered":"PLAQUE DE SUPPORT T\u00c9LESCOPIQUE COMPL\u00c8TE"},"content":{"rendered":"<p>PLAQUE DE SUPPORT T\u00c9LESCOPIQUE COMPL\u00c8TE<\/p>\n","protected":false},"excerpt":{"rendered":"<p>PLAQUE DE SUPPORT T\u00c9LESCOPIQUE COMPL\u00c8TE<\/p>\n","protected":false},"featured_media":445,"comment_status":"open","ping_status":"closed","template":"","meta":{"_acf_changed":false},"product_brand":[],"product_cat":[61],"product_tag":[],"class_list":{"0":"post-476","1":"product","2":"type-product","3":"status-publish","4":"has-post-thumbnail","6":"product_cat-lift-fr","8":"first","9":"instock","10":"shipping-taxable","11":"purchasable","12":"product-type-simple","13":"add-to-wishlist-before_image"},"acf":[],"_links":{"self":[{"href":"https:\/\/garaquip.com\/fr\/wp-json\/wp\/v2\/product\/476","targetHints":{"allow":["GET"]}}],"collection":[{"href":"https:\/\/garaquip.com\/fr\/wp-json\/wp\/v2\/product"}],"about":[{"href":"https:\/\/garaquip.com\/fr\/wp-json\/wp\/v2\/types\/product"}],"replies":[{"embeddable":true,"href":"https:\/\/garaquip.com\/fr\/wp-json\/wp\/v2\/comments?post=476"}],"wp:featuredmedia":[{"embeddable":true,"href":"https:\/\/garaquip.com\/fr\/wp-json\/wp\/v2\/media\/445"}],"wp:attachment":[{"href":"https:\/\/garaquip.com\/fr\/wp-json\/wp\/v2\/media?parent=476"}],"wp:term":[{"taxonomy":"product_brand","embeddable":true,"href":"https:\/\/garaquip.com\/fr\/wp-json\/wp\/v2\/product_brand?post=476"},{"taxonomy":"product_cat","embeddable":true,"href":"https:\/\/garaquip.com\/fr\/wp-json\/wp\/v2\/product_cat?post=476"},{"taxonomy":"product_tag","embeddable":true,"href":"https:\/\/garaquip.com\/fr\/wp-json\/wp\/v2\/product_tag?post=476"}],"curies":[{"name":"wp","href":"https:\/\/api.w.org\/{rel}","templated":true}]}}