{"id":301,"date":"2025-04-04T13:04:28","date_gmt":"2025-04-04T13:04:28","guid":{"rendered":"http:\/\/localhost\/quipgara\/panier\/"},"modified":"2025-07-09T09:20:57","modified_gmt":"2025-07-09T09:20:57","slug":"panier","status":"publish","type":"page","link":"https:\/\/garaquip.com\/fr\/panier\/","title":{"rendered":"Chariot"},"content":{"rendered":"\r\n<div data-block-name=\"woocommerce\/cart\" class=\"wp-block-woocommerce-cart alignwide is-loading\">\r\n<div data-block-name=\"woocommerce\/filled-cart-block\" class=\"wp-block-woocommerce-filled-cart-block\">\r\n<div data-block-name=\"woocommerce\/cart-items-block\" class=\"wp-block-woocommerce-cart-items-block\">\r\n<div data-block-name=\"woocommerce\/cart-line-items-block\" class=\"wp-block-woocommerce-cart-line-items-block\"><\/div>\r\n\r\n\r\n\r\n<div data-block-name=\"woocommerce\/cart-cross-sells-block\" class=\"wp-block-woocommerce-cart-cross-sells-block\">&#13;\n<h2 class=\"wp-block-heading has-large-font-size\">Vous pourriez \u00eatre int\u00e9ress\u00e9 par&#8230;<\/h2>&#13;\n\r\n\r\n\r\n<div data-block-name=\"woocommerce\/cart-cross-sells-products-block\" class=\"wp-block-woocommerce-cart-cross-sells-products-block\"><\/div>\r\n<\/div>\r\n<\/div>\r\n\r\n\r\n\r\n<div data-block-name=\"woocommerce\/cart-totals-block\" class=\"wp-block-woocommerce-cart-totals-block\">\r\n<div data-block-name=\"woocommerce\/cart-order-summary-block\" class=\"wp-block-woocommerce-cart-order-summary-block\">\r\n<div data-block-name=\"woocommerce\/cart-order-summary-heading-block\" class=\"wp-block-woocommerce-cart-order-summary-heading-block\"><\/div>\r\n\r\n\r\n\r\n<div data-block-name=\"woocommerce\/cart-order-summary-coupon-form-block\" class=\"wp-block-woocommerce-cart-order-summary-coupon-form-block\"><\/div>\r\n\r\n\r\n\r\n\r\n\r\n\r\n\r\n\r\n\r\n\r\n\r\n\r\n\r\n\r\n\r\n\r\n\r\n\r\n\r\n<div data-block-name=\"woocommerce\/cart-order-summary-totals-block\" class=\"wp-block-woocommerce-cart-order-summary-totals-block\">\n<div data-block-name=\"woocommerce\/cart-order-summary-subtotal-block\" class=\"wp-block-woocommerce-cart-order-summary-subtotal-block\"><\/div>\n<div data-block-name=\"woocommerce\/cart-order-summary-discount-block\" class=\"wp-block-woocommerce-cart-order-summary-discount-block\"><\/div>\n<div data-block-name=\"woocommerce\/cart-order-summary-fee-block\" class=\"wp-block-woocommerce-cart-order-summary-fee-block\"><\/div>\n<div data-block-name=\"woocommerce\/cart-order-summary-shipping-block\" class=\"wp-block-woocommerce-cart-order-summary-shipping-block\"><\/div>\n<div data-block-name=\"woocommerce\/cart-order-summary-taxes-block\" class=\"wp-block-woocommerce-cart-order-summary-taxes-block\"><\/div><\/div>\r\n<\/div>\r\n\r\n\r\n\r\n<div data-block-name=\"woocommerce\/cart-express-payment-block\" class=\"wp-block-woocommerce-cart-express-payment-block\"><\/div>\r\n\r\n\r\n\r\n<div data-block-name=\"woocommerce\/proceed-to-checkout-block\" class=\"wp-block-woocommerce-proceed-to-checkout-block\"><\/div>\r\n\r\n\r\n\r\n<div data-block-name=\"woocommerce\/cart-accepted-payment-methods-block\" class=\"wp-block-woocommerce-cart-accepted-payment-methods-block\"><\/div>\r\n<\/div>\r\n<\/div>\r\n\r\n\r\n\r\n<div data-block-name=\"woocommerce\/empty-cart-block\" class=\"wp-block-woocommerce-empty-cart-block\">&#13;\n<h2 class=\"wp-block-heading has-text-align-center with-empty-cart-icon wc-block-cart__empty-cart__title\">Votre panier est actuellement vide !<\/h2>&#13;\n\r\n\r\n\r\n<hr class=\"wp-block-separator has-alpha-channel-opacity is-style-dots\"\/>\r\n\r\n\r\n&#13;\n<h2 class=\"wp-block-heading has-text-align-center\">Nouveau en magasin<\/h2>&#13;\n\r\n\r\n<div data-block-name=\"woocommerce\/product-new\" data-columns=\"4\" data-rows=\"1\" class=\"wc-block-grid wp-block-product-new wp-block-woocommerce-product-new wc-block-product-new has-4-columns\"><ul class=\"wc-block-grid__products\"><li class=\"wc-block-grid__product add-to-wishlist-before_image\"><div class=\"yith-add-to-wishlist-button-block\" data-product-id=\"421\" data-attributes=\"{&quot;kind&quot;:&quot;button&quot;}\"><\/div><a href=\"https:\/\/garaquip.com\/shop\/cover-plusgrip-maxw-pnts\/\" class=\"wc-block-grid__product-link\">\n\t\t\t\t\t\n\t\t\t\t\t<div class=\"wc-block-grid__product-image\"><img fetchpriority=\"high\" decoding=\"async\" width=\"300\" height=\"300\" src=\"https:\/\/garaquip.com\/wp-content\/uploads\/2025\/04\/85607160-300x300.webp\" class=\"attachment-woocommerce_thumbnail size-woocommerce_thumbnail\" alt=\"COVER-PLUS,GRIP MAX,W\/PNTS\" srcset=\"https:\/\/garaquip.com\/wp-content\/uploads\/2025\/04\/85607160-300x300.webp 300w, https:\/\/garaquip.com\/wp-content\/uploads\/2025\/04\/85607160-150x150.webp 150w, https:\/\/garaquip.com\/wp-content\/uploads\/2025\/04\/85607160-768x768.webp 768w, https:\/\/garaquip.com\/wp-content\/uploads\/2025\/04\/85607160-600x600.webp 600w, https:\/\/garaquip.com\/wp-content\/uploads\/2025\/04\/85607160-100x100.webp 100w, https:\/\/garaquip.com\/wp-content\/uploads\/2025\/04\/85607160.webp 800w\" sizes=\"(max-width: 300px) 100vw, 300px\" \/><\/div>\n\t\t\t\t\t<div class=\"wc-block-grid__product-title\">COVER-PLUS,GRIP MAX,W\/PNTS<\/div>\n\t\t\t\t<\/a>\n\t\t\t\t<div class=\"wc-block-grid__product-price price\"><span class=\"woocommerce-Price-amount amount\"><span class=\"woocommerce-Price-currencySymbol\">&#036;<\/span>13.73<\/span><\/div>\n\t\t\t\t\n\t\t\t\t<div class=\"wp-block-button wc-block-grid__product-add-to-cart\"><a href=\"\/fr\/wp-json\/wp\/v2\/pages\/301?add-to-cart=421\" aria-label=\"Ajouter au panier\u00a0: &ldquo;COVER-PLUS,GRIP MAX,W\/PNTS&rdquo;\" data-quantity=\"1\" data-product_id=\"421\" data-product_sku=\"85607160\" data-price=\"13.73\" rel=\"nofollow\" class=\"wp-block-button__link  add_to_cart_button ajax_add_to_cart\">Ajouter au panier<\/a><\/div>\n\t\t\t<\/li><li class=\"wc-block-grid__product add-to-wishlist-before_image\"><div class=\"yith-add-to-wishlist-button-block\" data-product-id=\"420\" data-attributes=\"{&quot;kind&quot;:&quot;button&quot;}\"><\/div><a href=\"https:\/\/garaquip.com\/shop\/challenger-arm-restraint-inner-gear\/\" class=\"wc-block-grid__product-link\">\n\t\t\t\t\t\n\t\t\t\t\t<div class=\"wc-block-grid__product-image\"><img decoding=\"async\" width=\"300\" height=\"300\" src=\"https:\/\/garaquip.com\/wp-content\/uploads\/2025\/04\/JSJ6-09-07-Arm-restrain-inner-gear-300x300.webp\" class=\"attachment-woocommerce_thumbnail size-woocommerce_thumbnail\" alt=\"CHALLENGER ARM RESTRAINT INNER GEAR\" srcset=\"https:\/\/garaquip.com\/wp-content\/uploads\/2025\/04\/JSJ6-09-07-Arm-restrain-inner-gear-300x300.webp 300w, https:\/\/garaquip.com\/wp-content\/uploads\/2025\/04\/JSJ6-09-07-Arm-restrain-inner-gear-150x150.webp 150w, https:\/\/garaquip.com\/wp-content\/uploads\/2025\/04\/JSJ6-09-07-Arm-restrain-inner-gear-100x100.webp 100w\" sizes=\"(max-width: 300px) 100vw, 300px\" \/><\/div>\n\t\t\t\t\t<div class=\"wc-block-grid__product-title\">CHALLENGER ARM RESTRAINT INNER GEAR<\/div>\n\t\t\t\t<\/a>\n\t\t\t\t<div class=\"wc-block-grid__product-price price\"><span class=\"woocommerce-Price-amount amount\"><span class=\"woocommerce-Price-currencySymbol\">&#036;<\/span>128.89<\/span><\/div>\n\t\t\t\t\n\t\t\t\t<div class=\"wp-block-button wc-block-grid__product-add-to-cart\"><a href=\"\/fr\/wp-json\/wp\/v2\/pages\/301?add-to-cart=420\" aria-label=\"Ajouter au panier\u00a0: &ldquo;CHALLENGER ARM RESTRAINT INNER GEAR&rdquo;\" data-quantity=\"1\" data-product_id=\"420\" data-product_sku=\"JSJ6-09-07\" data-price=\"128.89\" rel=\"nofollow\" class=\"wp-block-button__link  add_to_cart_button ajax_add_to_cart\">Ajouter au panier<\/a><\/div>\n\t\t\t<\/li><li class=\"wc-block-grid__product add-to-wishlist-before_image\"><div class=\"yith-add-to-wishlist-button-block\" data-product-id=\"419\" data-attributes=\"{&quot;kind&quot;:&quot;button&quot;}\"><\/div><a href=\"https:\/\/garaquip.com\/shop\/mount-dckhd-pkg\/\" class=\"wc-block-grid__product-link\">\n\t\t\t\t\t\n\t\t\t\t\t<div class=\"wc-block-grid__product-image\"><img decoding=\"async\" width=\"300\" height=\"300\" src=\"https:\/\/garaquip.com\/wp-content\/uploads\/2025\/04\/81857711-1-1-300x300.png\" class=\"attachment-woocommerce_thumbnail size-woocommerce_thumbnail\" alt=\"MOUNT-DCKHD, PKG\" srcset=\"https:\/\/garaquip.com\/wp-content\/uploads\/2025\/04\/81857711-1-1-300x300.png 300w, https:\/\/garaquip.com\/wp-content\/uploads\/2025\/04\/81857711-1-1-150x150.png 150w, https:\/\/garaquip.com\/wp-content\/uploads\/2025\/04\/81857711-1-1-600x600.png 600w, https:\/\/garaquip.com\/wp-content\/uploads\/2025\/04\/81857711-1-1-100x100.png 100w, https:\/\/garaquip.com\/wp-content\/uploads\/2025\/04\/81857711-1-1.png 750w\" sizes=\"(max-width: 300px) 100vw, 300px\" \/><\/div>\n\t\t\t\t\t<div class=\"wc-block-grid__product-title\">MOUNT-DCKHD, PKG<\/div>\n\t\t\t\t<\/a>\n\t\t\t\t<div class=\"wc-block-grid__product-price price\"><span class=\"woocommerce-Price-amount amount\"><span class=\"woocommerce-Price-currencySymbol\">&#036;<\/span>66.18<\/span><\/div>\n\t\t\t\t\n\t\t\t\t<div class=\"wp-block-button wc-block-grid__product-add-to-cart\"><a href=\"https:\/\/garaquip.com\/shop\/mount-dckhd-pkg\/\" aria-label=\"En savoir plus sur &ldquo;MOUNT-DCKHD, PKG&rdquo;\" data-quantity=\"1\" data-product_id=\"419\" data-product_sku=\"8185771\" data-price=\"66.18\" rel=\"nofollow\" class=\"wp-block-button__link  add_to_cart_button\">Lire la suite<\/a><\/div>\n\t\t\t<\/li><li class=\"wc-block-grid__product add-to-wishlist-before_image\"><div class=\"yith-add-to-wishlist-button-block\" data-product-id=\"418\" data-attributes=\"{&quot;kind&quot;:&quot;button&quot;}\"><\/div><a href=\"https:\/\/garaquip.com\/shop\/telescopic-support-plate-complete\/\" class=\"wc-block-grid__product-link\">\n\t\t\t\t\t\n\t\t\t\t\t<div class=\"wc-block-grid__product-image\"><img loading=\"lazy\" decoding=\"async\" width=\"300\" height=\"300\" src=\"https:\/\/garaquip.com\/wp-content\/uploads\/2025\/04\/232SEL28217-300x300.webp\" class=\"attachment-woocommerce_thumbnail size-woocommerce_thumbnail\" alt=\"TELESCOPIC SUPPORT PLATE COMPLETE\" srcset=\"https:\/\/garaquip.com\/wp-content\/uploads\/2025\/04\/232SEL28217-300x300.webp 300w, https:\/\/garaquip.com\/wp-content\/uploads\/2025\/04\/232SEL28217-150x150.webp 150w, https:\/\/garaquip.com\/wp-content\/uploads\/2025\/04\/232SEL28217-768x768.webp 768w, https:\/\/garaquip.com\/wp-content\/uploads\/2025\/04\/232SEL28217-600x600.webp 600w, https:\/\/garaquip.com\/wp-content\/uploads\/2025\/04\/232SEL28217-100x100.webp 100w, https:\/\/garaquip.com\/wp-content\/uploads\/2025\/04\/232SEL28217.webp 800w\" sizes=\"(max-width: 300px) 100vw, 300px\" \/><\/div>\n\t\t\t\t\t<div class=\"wc-block-grid__product-title\">TELESCOPIC SUPPORT PLATE COMPLETE<\/div>\n\t\t\t\t<\/a>\n\t\t\t\t<div class=\"wc-block-grid__product-price price\"><span class=\"woocommerce-Price-amount amount\"><span class=\"woocommerce-Price-currencySymbol\">&#036;<\/span>279.89<\/span><\/div>\n\t\t\t\t\n\t\t\t\t<div class=\"wp-block-button wc-block-grid__product-add-to-cart\"><a href=\"\/fr\/wp-json\/wp\/v2\/pages\/301?add-to-cart=418\" aria-label=\"Ajouter au panier\u00a0: &ldquo;TELESCOPIC SUPPORT PLATE COMPLETE&rdquo;\" data-quantity=\"1\" data-product_id=\"418\" data-product_sku=\"232SEL28217\" data-price=\"279.89\" rel=\"nofollow\" class=\"wp-block-button__link  add_to_cart_button ajax_add_to_cart\">Ajouter au panier<\/a><\/div>\n\t\t\t<\/li><\/ul><\/div><\/div>\r\n<\/div>\r\n","protected":false},"excerpt":{"rendered":"","protected":false},"author":1,"featured_media":0,"parent":0,"menu_order":0,"comment_status":"closed","ping_status":"closed","template":"templates\/page-cart-custom.php","meta":{"_acf_changed":false,"footnotes":""},"class_list":["post-301","page","type-page","status-publish","hentry"],"acf":[],"_links":{"self":[{"href":"https:\/\/garaquip.com\/fr\/wp-json\/wp\/v2\/pages\/301","targetHints":{"allow":["GET"]}}],"collection":[{"href":"https:\/\/garaquip.com\/fr\/wp-json\/wp\/v2\/pages"}],"about":[{"href":"https:\/\/garaquip.com\/fr\/wp-json\/wp\/v2\/types\/page"}],"author":[{"embeddable":true,"href":"https:\/\/garaquip.com\/fr\/wp-json\/wp\/v2\/users\/1"}],"replies":[{"embeddable":true,"href":"https:\/\/garaquip.com\/fr\/wp-json\/wp\/v2\/comments?post=301"}],"version-history":[{"count":1,"href":"https:\/\/garaquip.com\/fr\/wp-json\/wp\/v2\/pages\/301\/revisions"}],"predecessor-version":[{"id":558,"href":"https:\/\/garaquip.com\/fr\/wp-json\/wp\/v2\/pages\/301\/revisions\/558"}],"wp:attachment":[{"href":"https:\/\/garaquip.com\/fr\/wp-json\/wp\/v2\/media?parent=301"}],"curies":[{"name":"wp","href":"https:\/\/api.w.org\/{rel}","templated":true}]}}